{"id":9,"date":"2018-12-04T18:12:42","date_gmt":"2018-12-04T17:12:42","guid":{"rendered":"https:\/\/www.plaus.eu\/?page_id=9"},"modified":"2023-07-28T11:18:58","modified_gmt":"2023-07-28T09:18:58","slug":"totentanz","status":"publish","type":"page","link":"https:\/\/www.plaus.eu\/it\/totentanz\/","title":{"rendered":"Danza macabra"},"content":{"rendered":"\n<p>La \u201edanza macabra di Plaus\u201c, diciotto tavole, si sviluppa lungo le mura del cimitero di Plaus. L&#8217; opera del 2001, una rarit\u00e1 nel panorama artistico provinciale, \u00e9 stata commissionata dalla Parrocchia e dal Comune di Plaus che, con essa, hanno guadagnato una testimonianza duratura e un forte elemento d&#8217; identit\u00e1 per l&#8217; abitato. Il pittore Luis Stefan Stecher inscena una specie di \u201cteatrino venostano\u201c. Egli fa passare sia il carrettiere di antica memoria, sia personalit\u00e1 della scena locale.<\/p>\n\n\n\n<p><strong>Guida alle chiese e spiegazioni della danza macabra a richiesta<\/strong><br><strong>Heinrich Kainz +39 342 8795559, Astrid Kainz +39 329 2123337 <\/strong><\/p>\n\n\n\n<p><strong>Quadro 1<\/strong><\/p>\n\n\n\n<figure class=\"wp-block-gallery columns-1 is-cropped wp-block-gallery-1 is-layout-flex wp-block-gallery-is-layout-flex\"><ul class=\"blocks-gallery-grid\"><li class=\"blocks-gallery-item\"><figure><img loading=\"lazy\" decoding=\"async\" width=\"1024\" height=\"576\" src=\"https:\/\/www.plaus.eu\/wp-content\/uploads\/2021\/01\/Bild1-1024x576.jpg\" alt=\"\" data-id=\"1255\" data-full-url=\"https:\/\/www.plaus.eu\/wp-content\/uploads\/2021\/01\/Bild1-scaled.jpg\" data-link=\"https:\/\/www.plaus.eu\/totentanz\/bild1\/\" class=\"wp-image-1255\" srcset=\"https:\/\/www.plaus.eu\/wp-content\/uploads\/2021\/01\/Bild1-1024x576.jpg 1024w, https:\/\/www.plaus.eu\/wp-content\/uploads\/2021\/01\/Bild1-300x169.jpg 300w, https:\/\/www.plaus.eu\/wp-content\/uploads\/2021\/01\/Bild1-768x432.jpg 768w, https:\/\/www.plaus.eu\/wp-content\/uploads\/2021\/01\/Bild1-1536x864.jpg 1536w, https:\/\/www.plaus.eu\/wp-content\/uploads\/2021\/01\/Bild1-2048x1152.jpg 2048w, https:\/\/www.plaus.eu\/wp-content\/uploads\/2021\/01\/Bild1-480x270.jpg 480w\" sizes=\"auto, (max-width: 1024px) 100vw, 1024px\" \/><\/figure><\/li><\/ul><\/figure>\n\n\n\n<p><strong>HOLT OUN A WAILELE, BLAIB SCHTIAN \u2013 NOR WOASCH VILAICHT WIA WAITRGIAN.<\/strong><\/p>\n\n\n\n<p>Fermati un momento e poi ristai &#8211; c&#8217;\u00e8 caso che tu afferri quale strada imboccherai. <\/p>\n\n\n\n<p><strong>Quadro 2<\/strong><\/p>\n\n\n\n<figure class=\"wp-block-gallery columns-1 is-cropped wp-block-gallery-2 is-layout-flex wp-block-gallery-is-layout-flex\"><ul class=\"blocks-gallery-grid\"><li class=\"blocks-gallery-item\"><figure><img loading=\"lazy\" decoding=\"async\" width=\"1024\" height=\"576\" src=\"https:\/\/www.plaus.eu\/wp-content\/uploads\/2021\/01\/Bild2.jpg\" alt=\"\" data-id=\"1258\" data-full-url=\"https:\/\/www.plaus.eu\/wp-content\/uploads\/2021\/01\/Bild2.jpg\" data-link=\"https:\/\/www.plaus.eu\/totentanz\/bild2\/\" class=\"wp-image-1258\" srcset=\"https:\/\/www.plaus.eu\/wp-content\/uploads\/2021\/01\/Bild2.jpg 1024w, https:\/\/www.plaus.eu\/wp-content\/uploads\/2021\/01\/Bild2-300x169.jpg 300w, https:\/\/www.plaus.eu\/wp-content\/uploads\/2021\/01\/Bild2-768x432.jpg 768w, https:\/\/www.plaus.eu\/wp-content\/uploads\/2021\/01\/Bild2-480x270.jpg 480w\" sizes=\"auto, (max-width: 1024px) 100vw, 1024px\" \/><\/figure><\/li><\/ul><\/figure>\n\n\n\n<p><strong>A PFURRER LAI ISCH INZR ZAIT \u2013 WOLL WOLTALONG DI EEWIGKAIT<\/strong>.<\/p>\n\n\n\n<p>Il tempo nostro \u00e8 un breve &#8220;la&#8221; &#8211; lunga invece \u00e8 l&#8217;eternit\u00e0.<\/p>\n\n\n\n<p><strong>Quadro 3<\/strong><\/p>\n\n\n\n<figure class=\"wp-block-gallery columns-1 is-cropped wp-block-gallery-3 is-layout-flex wp-block-gallery-is-layout-flex\"><ul class=\"blocks-gallery-grid\"><li class=\"blocks-gallery-item\"><figure><img loading=\"lazy\" decoding=\"async\" width=\"1024\" height=\"576\" src=\"https:\/\/www.plaus.eu\/wp-content\/uploads\/2021\/01\/Bild3-1024x576.jpg\" alt=\"\" data-id=\"1267\" data-full-url=\"https:\/\/www.plaus.eu\/wp-content\/uploads\/2021\/01\/Bild3-scaled.jpg\" data-link=\"https:\/\/www.plaus.eu\/totentanz\/bild3\/\" class=\"wp-image-1267\" srcset=\"https:\/\/www.plaus.eu\/wp-content\/uploads\/2021\/01\/Bild3-1024x576.jpg 1024w, https:\/\/www.plaus.eu\/wp-content\/uploads\/2021\/01\/Bild3-300x169.jpg 300w, https:\/\/www.plaus.eu\/wp-content\/uploads\/2021\/01\/Bild3-768x432.jpg 768w, https:\/\/www.plaus.eu\/wp-content\/uploads\/2021\/01\/Bild3-1536x864.jpg 1536w, https:\/\/www.plaus.eu\/wp-content\/uploads\/2021\/01\/Bild3-2048x1152.jpg 2048w, https:\/\/www.plaus.eu\/wp-content\/uploads\/2021\/01\/Bild3-480x270.jpg 480w\" sizes=\"auto, (max-width: 1024px) 100vw, 1024px\" \/><\/figure><\/li><\/ul><\/figure>\n\n\n\n<p><strong>O LOTT SUI GROOD DIE GROASSN NAAMEN \u2013 DOO ENTN WEARNSI KLIANR AAMEN.<\/strong><\/p>\n\n\n\n<p>Lascia che altri un gran nome si dia &#8211; pi\u00f9 breve sar\u00e0 poi nell&#8217;aldil\u00e0 e cos\u00ec sia.  <\/p>\n\n\n\n<p><strong>Quadro 4<\/strong><\/p>\n\n\n\n<figure class=\"wp-block-gallery columns-1 is-cropped wp-block-gallery-4 is-layout-flex wp-block-gallery-is-layout-flex\"><ul class=\"blocks-gallery-grid\"><li class=\"blocks-gallery-item\"><figure><img loading=\"lazy\" decoding=\"async\" width=\"1024\" height=\"576\" src=\"https:\/\/www.plaus.eu\/wp-content\/uploads\/2021\/01\/Bild4-1-1024x576.jpg\" alt=\"\" data-id=\"1275\" data-full-url=\"https:\/\/www.plaus.eu\/wp-content\/uploads\/2021\/01\/Bild4-1-scaled.jpg\" data-link=\"https:\/\/www.plaus.eu\/totentanz\/bild4-1\/\" class=\"wp-image-1275\" srcset=\"https:\/\/www.plaus.eu\/wp-content\/uploads\/2021\/01\/Bild4-1-1024x576.jpg 1024w, https:\/\/www.plaus.eu\/wp-content\/uploads\/2021\/01\/Bild4-1-300x169.jpg 300w, https:\/\/www.plaus.eu\/wp-content\/uploads\/2021\/01\/Bild4-1-768x432.jpg 768w, https:\/\/www.plaus.eu\/wp-content\/uploads\/2021\/01\/Bild4-1-1536x864.jpg 1536w, https:\/\/www.plaus.eu\/wp-content\/uploads\/2021\/01\/Bild4-1-2048x1152.jpg 2048w, https:\/\/www.plaus.eu\/wp-content\/uploads\/2021\/01\/Bild4-1-480x270.jpg 480w\" sizes=\"auto, (max-width: 1024px) 100vw, 1024px\" \/><\/figure><\/li><\/ul><\/figure>\n\n\n\n<p><strong>BOLL DER TOAT IN KORRN ZIACHT \u2013 NOR HUK LAI AUF UNT SCHAUG INZ LIACHT.<\/strong><\/p>\n\n\n\n<p>Quando sul carro tuo sale la morte truce &#8211; tu tieniti ben ritto e volgiti alla luce. <\/p>\n\n\n\n<p><strong>Quadro 5<\/strong><\/p>\n\n\n\n<figure class=\"wp-block-gallery columns-1 is-cropped wp-block-gallery-5 is-layout-flex wp-block-gallery-is-layout-flex\"><ul class=\"blocks-gallery-grid\"><li class=\"blocks-gallery-item\"><figure><img loading=\"lazy\" decoding=\"async\" width=\"1024\" height=\"576\" src=\"https:\/\/www.plaus.eu\/wp-content\/uploads\/2021\/01\/Bild5-1-1024x576.jpg\" alt=\"\" data-id=\"1274\" data-full-url=\"https:\/\/www.plaus.eu\/wp-content\/uploads\/2021\/01\/Bild5-1-scaled.jpg\" data-link=\"https:\/\/www.plaus.eu\/totentanz\/bild5-1\/\" class=\"wp-image-1274\" srcset=\"https:\/\/www.plaus.eu\/wp-content\/uploads\/2021\/01\/Bild5-1-1024x576.jpg 1024w, https:\/\/www.plaus.eu\/wp-content\/uploads\/2021\/01\/Bild5-1-300x169.jpg 300w, https:\/\/www.plaus.eu\/wp-content\/uploads\/2021\/01\/Bild5-1-768x432.jpg 768w, https:\/\/www.plaus.eu\/wp-content\/uploads\/2021\/01\/Bild5-1-1536x864.jpg 1536w, https:\/\/www.plaus.eu\/wp-content\/uploads\/2021\/01\/Bild5-1-2048x1152.jpg 2048w, https:\/\/www.plaus.eu\/wp-content\/uploads\/2021\/01\/Bild5-1-480x270.jpg 480w\" sizes=\"auto, (max-width: 1024px) 100vw, 1024px\" \/><\/figure><\/li><\/ul><\/figure>\n\n\n\n<p><strong>LAICH ISCH LAICH, ISCH OLM LAI LAICH \u2013 PANN HUAMGIAN SAIMR OLLE GLAICH.<\/strong><\/p>\n\n\n\n<p>Un morto \u00e8 un morto e resta sempre tale &#8211; a lungo andare ognun diventa all&#8217;altro eguale. <\/p>\n\n\n\n<p><strong>Quadro 6<\/strong><\/p>\n\n\n\n<figure class=\"wp-block-image size-large\"><img loading=\"lazy\" decoding=\"async\" width=\"1024\" height=\"576\" src=\"https:\/\/www.plaus.eu\/wp-content\/uploads\/2021\/01\/Bild6-1024x576.jpg\" alt=\"\" class=\"wp-image-1279\" srcset=\"https:\/\/www.plaus.eu\/wp-content\/uploads\/2021\/01\/Bild6-1024x576.jpg 1024w, https:\/\/www.plaus.eu\/wp-content\/uploads\/2021\/01\/Bild6-300x169.jpg 300w, https:\/\/www.plaus.eu\/wp-content\/uploads\/2021\/01\/Bild6-768x432.jpg 768w, https:\/\/www.plaus.eu\/wp-content\/uploads\/2021\/01\/Bild6-1536x864.jpg 1536w, https:\/\/www.plaus.eu\/wp-content\/uploads\/2021\/01\/Bild6-2048x1152.jpg 2048w, https:\/\/www.plaus.eu\/wp-content\/uploads\/2021\/01\/Bild6-480x270.jpg 480w\" sizes=\"auto, (max-width: 1024px) 100vw, 1024px\" \/><\/figure>\n\n\n\n<p><strong>TONZN TIAN MIAR OLLE GEARN \u2013 LAI NIT MIT SOU DURRE HERRN.<\/strong><\/p>\n\n\n\n<p>Balliam noi tutte volentieri &#8211; tranne con certi aridi messeri.<\/p>\n\n\n\n<p><strong>Quadro 7<\/strong><\/p>\n\n\n\n<figure class=\"wp-block-image size-large\"><img loading=\"lazy\" decoding=\"async\" width=\"1024\" height=\"576\" src=\"https:\/\/www.plaus.eu\/wp-content\/uploads\/2021\/01\/Bild7-1024x576.jpg\" alt=\"\" class=\"wp-image-1277\" srcset=\"https:\/\/www.plaus.eu\/wp-content\/uploads\/2021\/01\/Bild7-1024x576.jpg 1024w, https:\/\/www.plaus.eu\/wp-content\/uploads\/2021\/01\/Bild7-300x169.jpg 300w, https:\/\/www.plaus.eu\/wp-content\/uploads\/2021\/01\/Bild7-768x432.jpg 768w, https:\/\/www.plaus.eu\/wp-content\/uploads\/2021\/01\/Bild7-1536x864.jpg 1536w, https:\/\/www.plaus.eu\/wp-content\/uploads\/2021\/01\/Bild7-2048x1152.jpg 2048w, https:\/\/www.plaus.eu\/wp-content\/uploads\/2021\/01\/Bild7-480x270.jpg 480w\" sizes=\"auto, (max-width: 1024px) 100vw, 1024px\" \/><\/figure>\n\n\n\n<p><strong>HEARGOTT ISCH DESS LEBM SCHIAN \u2013 LAI SCHIANR NOU WEARDS AUFRSTIAN.<\/strong><\/p>\n\n\n\n<p>Mio dio, che vita bella \u00e8 questa &#8211; solo risorger c&#8217;\u00e8 che di pi\u00f9 bello resta. <\/p>\n\n\n\n<p><strong>Quadro 8<\/strong><\/p>\n\n\n\n<figure class=\"wp-block-image size-large\"><img loading=\"lazy\" decoding=\"async\" width=\"1024\" height=\"576\" src=\"https:\/\/www.plaus.eu\/wp-content\/uploads\/2021\/01\/Bild8-1024x576.jpg\" alt=\"\" class=\"wp-image-1280\" srcset=\"https:\/\/www.plaus.eu\/wp-content\/uploads\/2021\/01\/Bild8-1024x576.jpg 1024w, https:\/\/www.plaus.eu\/wp-content\/uploads\/2021\/01\/Bild8-300x169.jpg 300w, https:\/\/www.plaus.eu\/wp-content\/uploads\/2021\/01\/Bild8-768x432.jpg 768w, https:\/\/www.plaus.eu\/wp-content\/uploads\/2021\/01\/Bild8-1536x864.jpg 1536w, https:\/\/www.plaus.eu\/wp-content\/uploads\/2021\/01\/Bild8-2048x1152.jpg 2048w, https:\/\/www.plaus.eu\/wp-content\/uploads\/2021\/01\/Bild8-480x270.jpg 480w\" sizes=\"auto, (max-width: 1024px) 100vw, 1024px\" \/><\/figure>\n\n\n\n<p><strong>GEA DU LAI MASCHGRA JOOR FIR JOOR \u2013 DR TOAT RAISST DIR DAI LORF SCHUN OR.<\/strong><\/p>\n\n\n\n<p>Da carneval puoi travestirti anno dopo anno &#8211; comunque vien la morte che smaschera il tuo inganno. <\/p>\n\n\n\n<p><strong>Quadro 9<\/strong><\/p>\n\n\n\n<figure class=\"wp-block-image size-large\"><img loading=\"lazy\" decoding=\"async\" width=\"1024\" height=\"576\" src=\"https:\/\/www.plaus.eu\/wp-content\/uploads\/2021\/01\/Bild9-1024x576.jpg\" alt=\"\" class=\"wp-image-1284\" srcset=\"https:\/\/www.plaus.eu\/wp-content\/uploads\/2021\/01\/Bild9-1024x576.jpg 1024w, https:\/\/www.plaus.eu\/wp-content\/uploads\/2021\/01\/Bild9-300x169.jpg 300w, https:\/\/www.plaus.eu\/wp-content\/uploads\/2021\/01\/Bild9-768x432.jpg 768w, https:\/\/www.plaus.eu\/wp-content\/uploads\/2021\/01\/Bild9-1536x864.jpg 1536w, https:\/\/www.plaus.eu\/wp-content\/uploads\/2021\/01\/Bild9-2048x1152.jpg 2048w, https:\/\/www.plaus.eu\/wp-content\/uploads\/2021\/01\/Bild9-480x270.jpg 480w\" sizes=\"auto, (max-width: 1024px) 100vw, 1024px\" \/><\/figure>\n\n\n\n<p><strong>JUNGE VIELE, OLTE OLLE \u2013 UM GOLLI GHEARN DI WIESN OLLE.<\/strong><\/p>\n\n\n\n<p>Giovani molti, vecchi tutti &#8211; dal giorno di S. Gallo i campi son di tutti.<\/p>\n\n\n\n<p><strong>Quadro 10<\/strong><\/p>\n\n\n\n<figure class=\"wp-block-image size-large\"><img loading=\"lazy\" decoding=\"async\" width=\"1024\" height=\"576\" src=\"https:\/\/www.plaus.eu\/wp-content\/uploads\/2021\/01\/Bild10-1024x576.jpg\" alt=\"\" class=\"wp-image-1283\" srcset=\"https:\/\/www.plaus.eu\/wp-content\/uploads\/2021\/01\/Bild10-1024x576.jpg 1024w, https:\/\/www.plaus.eu\/wp-content\/uploads\/2021\/01\/Bild10-300x169.jpg 300w, https:\/\/www.plaus.eu\/wp-content\/uploads\/2021\/01\/Bild10-768x432.jpg 768w, https:\/\/www.plaus.eu\/wp-content\/uploads\/2021\/01\/Bild10-1536x864.jpg 1536w, https:\/\/www.plaus.eu\/wp-content\/uploads\/2021\/01\/Bild10-2048x1152.jpg 2048w, https:\/\/www.plaus.eu\/wp-content\/uploads\/2021\/01\/Bild10-480x270.jpg 480w\" sizes=\"auto, (max-width: 1024px) 100vw, 1024px\" \/><\/figure>\n\n\n\n<p><strong>DO KONN A MUATTR NOU SOU REARN \u2013 DR TOAT HOT AA DI KINDR GEARN.<\/strong><\/p>\n\n\n\n<p>Anche se la madre in lacrime il bimbo suo reclama &#8211; la morte pure i fanciulli brama. <\/p>\n\n\n\n<p><strong>Quadro 11<\/strong><\/p>\n\n\n\n<figure class=\"wp-block-image size-large\"><img loading=\"lazy\" decoding=\"async\" width=\"1024\" height=\"576\" src=\"https:\/\/www.plaus.eu\/wp-content\/uploads\/2021\/01\/Bild11-1024x576.jpg\" alt=\"\" class=\"wp-image-1285\" srcset=\"https:\/\/www.plaus.eu\/wp-content\/uploads\/2021\/01\/Bild11-1024x576.jpg 1024w, https:\/\/www.plaus.eu\/wp-content\/uploads\/2021\/01\/Bild11-300x169.jpg 300w, https:\/\/www.plaus.eu\/wp-content\/uploads\/2021\/01\/Bild11-768x432.jpg 768w, https:\/\/www.plaus.eu\/wp-content\/uploads\/2021\/01\/Bild11-1536x864.jpg 1536w, https:\/\/www.plaus.eu\/wp-content\/uploads\/2021\/01\/Bild11-2048x1152.jpg 2048w, https:\/\/www.plaus.eu\/wp-content\/uploads\/2021\/01\/Bild11-480x270.jpg 480w\" sizes=\"auto, (max-width: 1024px) 100vw, 1024px\" \/><\/figure>\n\n\n\n<p><strong>LOTTRN, PAUR UNT GAISCHTLICHKAIT \u2013 KUANR WOASS DI SCHTUND DI ZAIT.<\/strong><\/p>\n\n\n\n<p>Mendicanti, contado, uomini del clero &#8211; quando giunge la sua ora, nessun lo sa invero. <\/p>\n\n\n\n<p><strong>Quadro 12<\/strong><\/p>\n\n\n\n<figure class=\"wp-block-image size-large\"><img loading=\"lazy\" decoding=\"async\" width=\"1024\" height=\"576\" src=\"https:\/\/www.plaus.eu\/wp-content\/uploads\/2021\/01\/Bild12-1024x576.jpg\" alt=\"\" class=\"wp-image-1286\" srcset=\"https:\/\/www.plaus.eu\/wp-content\/uploads\/2021\/01\/Bild12-1024x576.jpg 1024w, https:\/\/www.plaus.eu\/wp-content\/uploads\/2021\/01\/Bild12-300x169.jpg 300w, https:\/\/www.plaus.eu\/wp-content\/uploads\/2021\/01\/Bild12-768x432.jpg 768w, https:\/\/www.plaus.eu\/wp-content\/uploads\/2021\/01\/Bild12-1536x864.jpg 1536w, https:\/\/www.plaus.eu\/wp-content\/uploads\/2021\/01\/Bild12-2048x1152.jpg 2048w, https:\/\/www.plaus.eu\/wp-content\/uploads\/2021\/01\/Bild12-480x270.jpg 480w\" sizes=\"auto, (max-width: 1024px) 100vw, 1024px\" \/><\/figure>\n\n\n\n<p><strong>DU RAITR RAIT LAI DURCH DESS TOL \u2013 DU HEARSCH DI TRUMML SLESCHTE MOL.<\/strong><\/p>\n\n\n\n<p>Galoppi pure il cavalier per la vallata &#8211; quel tamburo che gi\u00e0 ode suona per l&#8217;ultima fiata. <\/p>\n\n\n\n<p><strong>Quadro 13<\/strong><\/p>\n\n\n\n<figure class=\"wp-block-image size-large\"><img loading=\"lazy\" decoding=\"async\" width=\"1024\" height=\"576\" src=\"https:\/\/www.plaus.eu\/wp-content\/uploads\/2021\/01\/Bild13-1024x576.jpg\" alt=\"\" class=\"wp-image-1287\" srcset=\"https:\/\/www.plaus.eu\/wp-content\/uploads\/2021\/01\/Bild13-1024x576.jpg 1024w, https:\/\/www.plaus.eu\/wp-content\/uploads\/2021\/01\/Bild13-300x169.jpg 300w, https:\/\/www.plaus.eu\/wp-content\/uploads\/2021\/01\/Bild13-768x432.jpg 768w, https:\/\/www.plaus.eu\/wp-content\/uploads\/2021\/01\/Bild13-1536x864.jpg 1536w, https:\/\/www.plaus.eu\/wp-content\/uploads\/2021\/01\/Bild13-2048x1152.jpg 2048w, https:\/\/www.plaus.eu\/wp-content\/uploads\/2021\/01\/Bild13-480x270.jpg 480w\" sizes=\"auto, (max-width: 1024px) 100vw, 1024px\" \/><\/figure>\n\n\n\n<p><strong>UAMOL FOLLT AA A LARCH AFSAIT &#8211; KUA BAAM WOXT BIS INT EEWIKAIT.<\/strong><\/p>\n\n\n\n<p>Prima o poi anche il larice crolla nel suo averno &#8211; non v&#8217;\u00e8 qui pianta alcuna che cresca per  l\u00e9terno. <\/p>\n\n\n\n<p><strong>Quadro 14<\/strong><\/p>\n\n\n\n<figure class=\"wp-block-image size-large\"><img loading=\"lazy\" decoding=\"async\" width=\"1024\" height=\"576\" src=\"https:\/\/www.plaus.eu\/wp-content\/uploads\/2021\/01\/Bild14-1024x576.jpg\" alt=\"\" class=\"wp-image-1289\" srcset=\"https:\/\/www.plaus.eu\/wp-content\/uploads\/2021\/01\/Bild14-1024x576.jpg 1024w, https:\/\/www.plaus.eu\/wp-content\/uploads\/2021\/01\/Bild14-300x169.jpg 300w, https:\/\/www.plaus.eu\/wp-content\/uploads\/2021\/01\/Bild14-768x432.jpg 768w, https:\/\/www.plaus.eu\/wp-content\/uploads\/2021\/01\/Bild14-1536x864.jpg 1536w, https:\/\/www.plaus.eu\/wp-content\/uploads\/2021\/01\/Bild14-2048x1152.jpg 2048w, https:\/\/www.plaus.eu\/wp-content\/uploads\/2021\/01\/Bild14-480x270.jpg 480w\" sizes=\"auto, (max-width: 1024px) 100vw, 1024px\" \/><\/figure>\n\n\n\n<p><strong>DESS ISCH DIE WOHRAT WOLL ZALESCHT \u2013 MIAR SAIN LAI GASCHT WIA OLLE GESCHT.<\/strong><\/p>\n\n\n\n<p>Scopri una verit\u00e0 tra le pi\u00f9 tristi &#8211;  siam tutti di passaggio, qui, un p\u00f2 come turisti.<\/p>\n\n\n\n<p><strong>Quadro 15<\/strong><\/p>\n\n\n\n<figure class=\"wp-block-image size-large\"><img loading=\"lazy\" decoding=\"async\" width=\"1024\" height=\"576\" src=\"https:\/\/www.plaus.eu\/wp-content\/uploads\/2021\/01\/Bild15-1024x576.jpg\" alt=\"\" class=\"wp-image-1288\" srcset=\"https:\/\/www.plaus.eu\/wp-content\/uploads\/2021\/01\/Bild15-1024x576.jpg 1024w, https:\/\/www.plaus.eu\/wp-content\/uploads\/2021\/01\/Bild15-300x169.jpg 300w, https:\/\/www.plaus.eu\/wp-content\/uploads\/2021\/01\/Bild15-768x432.jpg 768w, https:\/\/www.plaus.eu\/wp-content\/uploads\/2021\/01\/Bild15-1536x864.jpg 1536w, https:\/\/www.plaus.eu\/wp-content\/uploads\/2021\/01\/Bild15-2048x1152.jpg 2048w, https:\/\/www.plaus.eu\/wp-content\/uploads\/2021\/01\/Bild15-480x270.jpg 480w\" sizes=\"auto, (max-width: 1024px) 100vw, 1024px\" \/><\/figure>\n\n\n\n<p><strong>GROASS ISCH DESS LEBM LIACHT UND TRIAB \u2013 SCHTARK WIA DR TOAT ISCH LAI DI LIAB.<\/strong><\/p>\n\n\n\n<p>Oh, grande vita, buio e lucore &#8211; forte come la morte \u00e8 solo amore. <\/p>\n\n\n\n<p><strong>Quadro 16<\/strong><\/p>\n\n\n\n<figure class=\"wp-block-image size-large\"><img loading=\"lazy\" decoding=\"async\" width=\"1024\" height=\"576\" src=\"https:\/\/www.plaus.eu\/wp-content\/uploads\/2021\/01\/Bild16-1024x576.jpg\" alt=\"\" class=\"wp-image-1292\" srcset=\"https:\/\/www.plaus.eu\/wp-content\/uploads\/2021\/01\/Bild16-1024x576.jpg 1024w, https:\/\/www.plaus.eu\/wp-content\/uploads\/2021\/01\/Bild16-300x169.jpg 300w, https:\/\/www.plaus.eu\/wp-content\/uploads\/2021\/01\/Bild16-768x432.jpg 768w, https:\/\/www.plaus.eu\/wp-content\/uploads\/2021\/01\/Bild16-1536x864.jpg 1536w, https:\/\/www.plaus.eu\/wp-content\/uploads\/2021\/01\/Bild16-2048x1152.jpg 2048w, https:\/\/www.plaus.eu\/wp-content\/uploads\/2021\/01\/Bild16-480x270.jpg 480w\" sizes=\"auto, (max-width: 1024px) 100vw, 1024px\" \/><\/figure>\n\n\n\n<p><strong>OLM ER, ZWOA SCHRITTLAN HINTERN HAUS \u2013 DEER VOURSCHPRUNG MOCHT DESS LEBM AUS.<\/strong><\/p>\n\n\n\n<p>T&#8217;aspetta sempre un passo dietro il tuo abitato &#8211; \u00e8 questo il vantaggio che per viver t&#8217;ha lasciato. <\/p>\n\n\n\n<p><strong>Quadro 17<\/strong><\/p>\n\n\n\n<figure class=\"wp-block-image size-large\"><img loading=\"lazy\" decoding=\"async\" width=\"1024\" height=\"576\" src=\"https:\/\/www.plaus.eu\/wp-content\/uploads\/2021\/01\/Bild17-1024x576.jpg\" alt=\"\" class=\"wp-image-1293\" srcset=\"https:\/\/www.plaus.eu\/wp-content\/uploads\/2021\/01\/Bild17-1024x576.jpg 1024w, https:\/\/www.plaus.eu\/wp-content\/uploads\/2021\/01\/Bild17-300x169.jpg 300w, https:\/\/www.plaus.eu\/wp-content\/uploads\/2021\/01\/Bild17-768x432.jpg 768w, https:\/\/www.plaus.eu\/wp-content\/uploads\/2021\/01\/Bild17-1536x864.jpg 1536w, https:\/\/www.plaus.eu\/wp-content\/uploads\/2021\/01\/Bild17-2048x1152.jpg 2048w, https:\/\/www.plaus.eu\/wp-content\/uploads\/2021\/01\/Bild17-480x270.jpg 480w\" sizes=\"auto, (max-width: 1024px) 100vw, 1024px\" \/><\/figure>\n\n\n\n<p><strong>HEB MUATR INZ, DIA OLLZ VERSCHTEAT \u2013 AM LOASTOOG BOLS ZUM HUAMGIAN GEAT.<\/strong><\/p>\n\n\n\n<p>Tu che tutto intendi, madre, dacci il tuo sostegno &#8211; allorquando siam chiamati al nostro estremo impegno.<\/p>\n\n\n\n<p><strong>Quadro 18<\/strong><\/p>\n\n\n\n<figure class=\"wp-block-image size-large\"><img loading=\"lazy\" decoding=\"async\" width=\"1024\" height=\"576\" src=\"https:\/\/www.plaus.eu\/wp-content\/uploads\/2021\/01\/Bild18-1-1024x576.jpg\" alt=\"\" class=\"wp-image-1294\" srcset=\"https:\/\/www.plaus.eu\/wp-content\/uploads\/2021\/01\/Bild18-1-1024x576.jpg 1024w, https:\/\/www.plaus.eu\/wp-content\/uploads\/2021\/01\/Bild18-1-300x169.jpg 300w, https:\/\/www.plaus.eu\/wp-content\/uploads\/2021\/01\/Bild18-1-768x432.jpg 768w, https:\/\/www.plaus.eu\/wp-content\/uploads\/2021\/01\/Bild18-1-1536x864.jpg 1536w, https:\/\/www.plaus.eu\/wp-content\/uploads\/2021\/01\/Bild18-1-2048x1152.jpg 2048w, https:\/\/www.plaus.eu\/wp-content\/uploads\/2021\/01\/Bild18-1-480x270.jpg 480w\" sizes=\"auto, (max-width: 1024px) 100vw, 1024px\" \/><\/figure>\n\n\n\n<p><strong>ENTERPRUGG ENTN WEARN MIAR VERSCHTIAN \u2013 DO WEARN INZ WIA KINDR DI AUGN AUFGIAN.<\/strong><\/p>\n\n\n\n<p>Al di l\u00e0 del ponte, di questo arcobaleno &#8211; spalancheremo gli occhi come bimbi e capiremo.<\/p>\n","protected":false},"excerpt":{"rendered":"<p>La \u201edanza macabra di Plaus\u201c, diciotto tavole, si sviluppa lungo le mura del cimitero di Plaus. L&#8217; opera del 2001, una rarit\u00e1 nel panorama artistico provinciale, \u00e9 stata commissionata dalla Parrocchia e dal Comune di Plaus che, con essa, hanno guadagnato una testimonianza duratura e un forte elemento d&#8217; identit\u00e1 per l&#8217; abitato. Il pittore Luis Stefan Stecher inscena una specie di \u201cteatrino venostano\u201c. Egli fa passare sia il carrettiere di antica memoria, sia personalit\u00e1 della scena locale. Guida alle&#8230;<\/p>\n<p class=\"read-more\"><a class=\"btn btn-default\" href=\"https:\/\/www.plaus.eu\/it\/totentanz\/\"> Read More<span class=\"screen-reader-text\">  Read More<\/span><\/a><\/p>\n","protected":false},"author":1,"featured_media":0,"parent":0,"menu_order":0,"comment_status":"closed","ping_status":"closed","template":"","meta":{"jetpack_post_was_ever_published":false,"footnotes":""},"class_list":["post-9","page","type-page","status-publish","hentry"],"translation":{"provider":"WPGlobus","version":"3.0.2","language":"it","enabled_languages":["de","it"],"languages":{"de":{"title":true,"content":true,"excerpt":false},"it":{"title":true,"content":true,"excerpt":false}}},"jetpack_sharing_enabled":true,"jetpack_shortlink":"https:\/\/wp.me\/PayBmI-9","_links":{"self":[{"href":"https:\/\/www.plaus.eu\/it\/wp-json\/wp\/v2\/pages\/9","targetHints":{"allow":["GET"]}}],"collection":[{"href":"https:\/\/www.plaus.eu\/it\/wp-json\/wp\/v2\/pages"}],"about":[{"href":"https:\/\/www.plaus.eu\/it\/wp-json\/wp\/v2\/types\/page"}],"author":[{"embeddable":true,"href":"https:\/\/www.plaus.eu\/it\/wp-json\/wp\/v2\/users\/1"}],"replies":[{"embeddable":true,"href":"https:\/\/www.plaus.eu\/it\/wp-json\/wp\/v2\/comments?post=9"}],"version-history":[{"count":67,"href":"https:\/\/www.plaus.eu\/it\/wp-json\/wp\/v2\/pages\/9\/revisions"}],"predecessor-version":[{"id":1555,"href":"https:\/\/www.plaus.eu\/it\/wp-json\/wp\/v2\/pages\/9\/revisions\/1555"}],"wp:attachment":[{"href":"https:\/\/www.plaus.eu\/it\/wp-json\/wp\/v2\/media?parent=9"}],"curies":[{"name":"wp","href":"https:\/\/api.w.org\/{rel}","templated":true}]}}